{"id":25,"date":"2024-02-28T15:07:53","date_gmt":"2024-02-28T14:07:53","guid":{"rendered":"https:\/\/mygosas.com\/?page_id=25"},"modified":"2024-03-07T12:21:20","modified_gmt":"2024-03-07T17:21:20","slug":"inicio","status":"publish","type":"page","link":"https:\/\/mygosas.com\/","title":{"rendered":"MYGO"},"content":{"rendered":"\n<h2 class=\"wp-block-heading\"><strong>M\u00e1rmoles y Granitos del Oriente S.A.S<\/strong><\/h2>\n\n\n\n<p>Estamos dedicados a la importaci\u00f3n, venta y distribuci\u00f3n de M\u00e1rmol, Granito, Quartzstone, Travertino, Sinterizado entre otras piedras Naturales.<\/p>\n\n\n\n<figure class=\"wp-block-gallery has-nested-images columns-default is-cropped wp-block-gallery-1 is-layout-flex wp-block-gallery-is-layout-flex\">\n<figure class=\"wp-block-image size-large\"><img loading=\"lazy\" decoding=\"async\" width=\"450\" height=\"338\" data-id=\"378\" src=\"https:\/\/mygosas.com\/wp-content\/uploads\/2024\/03\/NEGRO-SANGABRIEL-MESON-1.jpeg\" alt=\"\" class=\"wp-image-378\" srcset=\"https:\/\/mygosas.com\/wp-content\/uploads\/2024\/03\/NEGRO-SANGABRIEL-MESON-1.jpeg 450w, https:\/\/mygosas.com\/wp-content\/uploads\/2024\/03\/NEGRO-SANGABRIEL-MESON-1-300x225.jpeg 300w\" sizes=\"(max-width: 450px) 100vw, 450px\" \/><\/figure>\n\n\n\n<figure class=\"wp-block-image size-large\"><img loading=\"lazy\" decoding=\"async\" width=\"450\" height=\"338\" data-id=\"376\" src=\"https:\/\/mygosas.com\/wp-content\/uploads\/2024\/03\/QUARZTONE-BLANCO-CLASICO-MESON-1.jpeg\" alt=\"\" class=\"wp-image-376\" srcset=\"https:\/\/mygosas.com\/wp-content\/uploads\/2024\/03\/QUARZTONE-BLANCO-CLASICO-MESON-1.jpeg 450w, https:\/\/mygosas.com\/wp-content\/uploads\/2024\/03\/QUARZTONE-BLANCO-CLASICO-MESON-1-300x225.jpeg 300w\" sizes=\"(max-width: 450px) 100vw, 450px\" \/><\/figure>\n\n\n\n<figure class=\"wp-block-image size-large\"><img loading=\"lazy\" decoding=\"async\" width=\"450\" height=\"338\" data-id=\"377\" src=\"https:\/\/mygosas.com\/wp-content\/uploads\/2024\/03\/VOLAKAS-EN-MESON-COCINA-1.jpeg\" alt=\"\" class=\"wp-image-377\" srcset=\"https:\/\/mygosas.com\/wp-content\/uploads\/2024\/03\/VOLAKAS-EN-MESON-COCINA-1.jpeg 450w, https:\/\/mygosas.com\/wp-content\/uploads\/2024\/03\/VOLAKAS-EN-MESON-COCINA-1-300x225.jpeg 300w\" sizes=\"(max-width: 450px) 100vw, 450px\" \/><\/figure>\n<\/figure>\n\n\n\n<p class=\"has-text-align-left\">Llevamos en el mercado m\u00e1s de 10 a\u00f1os y contamos con  2 puntos de Venta a nivel Nacional, una bodega ubicada en Cartagena donde recibimos y distribuimos nuestros productos a Medell\u00edn (Antioquia), y una bodega ubicada en Bogot\u00e1 (Cundinamarca) que es nuestra sede principal establecida al norte de la ciudad (Tober\u00edn), all\u00ed almacenamos gran parte de nuestro material.<\/p>\n\n\n\n<h2 class=\"wp-block-heading\"><strong>Lo que Ofrecemos<\/strong><\/h2>\n\n\n\n<figure class=\"wp-block-gallery has-nested-images columns-default is-cropped wp-block-gallery-2 is-layout-flex wp-block-gallery-is-layout-flex\">\n<figure class=\"wp-block-image size-large\"><img loading=\"lazy\" decoding=\"async\" width=\"640\" height=\"480\" data-id=\"347\" src=\"https:\/\/mygosas.com\/wp-content\/uploads\/2024\/03\/IMG_0105.jpg\" alt=\"\" class=\"wp-image-347\" srcset=\"https:\/\/mygosas.com\/wp-content\/uploads\/2024\/03\/IMG_0105.jpg 640w, https:\/\/mygosas.com\/wp-content\/uploads\/2024\/03\/IMG_0105-300x225.jpg 300w\" sizes=\"(max-width: 640px) 100vw, 640px\" \/><\/figure>\n\n\n\n<figure class=\"wp-block-image size-large\"><img loading=\"lazy\" decoding=\"async\" width=\"640\" height=\"480\" data-id=\"348\" src=\"https:\/\/mygosas.com\/wp-content\/uploads\/2024\/03\/IMG_0102-2.jpg\" alt=\"\" class=\"wp-image-348\" srcset=\"https:\/\/mygosas.com\/wp-content\/uploads\/2024\/03\/IMG_0102-2.jpg 640w, https:\/\/mygosas.com\/wp-content\/uploads\/2024\/03\/IMG_0102-2-300x225.jpg 300w\" sizes=\"(max-width: 640px) 100vw, 640px\" \/><\/figure>\n\n\n\n<figure class=\"wp-block-image size-large\"><img loading=\"lazy\" decoding=\"async\" width=\"640\" height=\"480\" data-id=\"349\" src=\"https:\/\/mygosas.com\/wp-content\/uploads\/2024\/03\/IMG_0098.jpg\" alt=\"\" class=\"wp-image-349\" srcset=\"https:\/\/mygosas.com\/wp-content\/uploads\/2024\/03\/IMG_0098.jpg 640w, https:\/\/mygosas.com\/wp-content\/uploads\/2024\/03\/IMG_0098-300x225.jpg 300w\" sizes=\"(max-width: 640px) 100vw, 640px\" \/><\/figure>\n<\/figure>\n\n\n\n<p>Brindamos gran variedad de referencias y productos de excelente calidad y estricto cumplimiento. Somos distribuidores directos de productos importados procedentes de Grecia, Brasil, Turqu\u00eda, India, China y Guatemala.<\/p>\n\n\n\n<details class=\"wp-block-details is-layout-flow wp-block-details-is-layout-flow\"><summary>GRANITO NATURAL<\/summary>\n<p><\/p>\n\n\n\n<figure class=\"wp-block-image aligncenter size-large is-resized\"><img loading=\"lazy\" decoding=\"async\" width=\"1024\" height=\"676\" src=\"https:\/\/mygosas.com\/wp-content\/uploads\/2024\/03\/Granito-Magna-Gold-1024x676.png\" alt=\"\" class=\"wp-image-250\" style=\"width:483px;height:auto\" srcset=\"https:\/\/mygosas.com\/wp-content\/uploads\/2024\/03\/Granito-Magna-Gold-1024x676.png 1024w, https:\/\/mygosas.com\/wp-content\/uploads\/2024\/03\/Granito-Magna-Gold-300x198.png 300w, https:\/\/mygosas.com\/wp-content\/uploads\/2024\/03\/Granito-Magna-Gold-768x507.png 768w, https:\/\/mygosas.com\/wp-content\/uploads\/2024\/03\/Granito-Magna-Gold-1536x1014.png 1536w, https:\/\/mygosas.com\/wp-content\/uploads\/2024\/03\/Granito-Magna-Gold.png 1557w\" sizes=\"(max-width: 1024px) 100vw, 1024px\" \/><\/figure>\n<\/details>\n\n\n\n<details class=\"wp-block-details is-layout-flow wp-block-details-is-layout-flow\"><summary>M\u00c1RMOL NATURAL<\/summary>\n<p><\/p>\n\n\n\n<figure class=\"wp-block-image aligncenter size-large is-resized\"><img loading=\"lazy\" decoding=\"async\" width=\"1024\" height=\"682\" src=\"https:\/\/mygosas.com\/wp-content\/uploads\/2024\/03\/Marmol-Blanco-Volakas-1024x682.png\" alt=\"\" class=\"wp-image-252\" style=\"width:483px;height:auto\" srcset=\"https:\/\/mygosas.com\/wp-content\/uploads\/2024\/03\/Marmol-Blanco-Volakas-1024x682.png 1024w, https:\/\/mygosas.com\/wp-content\/uploads\/2024\/03\/Marmol-Blanco-Volakas-300x200.png 300w, https:\/\/mygosas.com\/wp-content\/uploads\/2024\/03\/Marmol-Blanco-Volakas-768x511.png 768w, https:\/\/mygosas.com\/wp-content\/uploads\/2024\/03\/Marmol-Blanco-Volakas.png 1385w\" sizes=\"(max-width: 1024px) 100vw, 1024px\" \/><\/figure>\n<\/details>\n\n\n\n<details class=\"wp-block-details is-layout-flow wp-block-details-is-layout-flow\"><summary>PIEDRAS EX\u00d3TICAS<\/summary>\n<figure class=\"wp-block-image aligncenter size-large is-resized\"><img loading=\"lazy\" decoding=\"async\" width=\"1024\" height=\"707\" src=\"https:\/\/mygosas.com\/wp-content\/uploads\/2024\/03\/Piedra-Natural-Onix-1024x707.png\" alt=\"\" class=\"wp-image-254\" style=\"width:483px;height:auto\" srcset=\"https:\/\/mygosas.com\/wp-content\/uploads\/2024\/03\/Piedra-Natural-Onix-1024x707.png 1024w, https:\/\/mygosas.com\/wp-content\/uploads\/2024\/03\/Piedra-Natural-Onix-300x207.png 300w, https:\/\/mygosas.com\/wp-content\/uploads\/2024\/03\/Piedra-Natural-Onix-768x530.png 768w, https:\/\/mygosas.com\/wp-content\/uploads\/2024\/03\/Piedra-Natural-Onix.png 1531w\" sizes=\"(max-width: 1024px) 100vw, 1024px\" \/><\/figure>\n<\/details>\n\n\n\n<details class=\"wp-block-details is-layout-flow wp-block-details-is-layout-flow\"><summary>QUARTZSTONE<\/summary>\n<figure class=\"wp-block-image aligncenter size-large is-resized\"><img loading=\"lazy\" decoding=\"async\" width=\"1024\" height=\"655\" src=\"https:\/\/mygosas.com\/wp-content\/uploads\/2024\/03\/Quarztone-Blanco-polar-5-1024x655.png\" alt=\"\" class=\"wp-image-422\" style=\"width:483px;height:auto\" srcset=\"https:\/\/mygosas.com\/wp-content\/uploads\/2024\/03\/Quarztone-Blanco-polar-5-1024x655.png 1024w, https:\/\/mygosas.com\/wp-content\/uploads\/2024\/03\/Quarztone-Blanco-polar-5-300x192.png 300w, https:\/\/mygosas.com\/wp-content\/uploads\/2024\/03\/Quarztone-Blanco-polar-5-768x491.png 768w, https:\/\/mygosas.com\/wp-content\/uploads\/2024\/03\/Quarztone-Blanco-polar-5-1536x982.png 1536w, https:\/\/mygosas.com\/wp-content\/uploads\/2024\/03\/Quarztone-Blanco-polar-5.png 1975w\" sizes=\"(max-width: 1024px) 100vw, 1024px\" \/><\/figure>\n<\/details>\n\n\n\n<details class=\"wp-block-details is-layout-flow wp-block-details-is-layout-flow\"><summary>SINTERIZADOS<\/summary>\n<figure class=\"wp-block-image aligncenter size-large is-resized\"><img loading=\"lazy\" decoding=\"async\" width=\"1024\" height=\"387\" src=\"https:\/\/mygosas.com\/wp-content\/uploads\/2024\/03\/Sinterizados-1024x387.png\" alt=\"\" class=\"wp-image-256\" style=\"width:483px;height:auto\" srcset=\"https:\/\/mygosas.com\/wp-content\/uploads\/2024\/03\/Sinterizados-1024x387.png 1024w, https:\/\/mygosas.com\/wp-content\/uploads\/2024\/03\/Sinterizados-300x113.png 300w, https:\/\/mygosas.com\/wp-content\/uploads\/2024\/03\/Sinterizados-768x290.png 768w, https:\/\/mygosas.com\/wp-content\/uploads\/2024\/03\/Sinterizados-1536x581.png 1536w, https:\/\/mygosas.com\/wp-content\/uploads\/2024\/03\/Sinterizados.png 1587w\" sizes=\"(max-width: 1024px) 100vw, 1024px\" \/><\/figure>\n<\/details>\n\n\n\n<details class=\"wp-block-details is-layout-flow wp-block-details-is-layout-flow\"><summary>TRAVERTINO<\/summary>\n<figure class=\"wp-block-image aligncenter size-large is-resized\"><img loading=\"lazy\" decoding=\"async\" width=\"1024\" height=\"591\" src=\"https:\/\/mygosas.com\/wp-content\/uploads\/2024\/03\/Travertino-turco-160-x-260-1-1024x591.png\" alt=\"\" class=\"wp-image-415\" style=\"width:557px;height:auto\" srcset=\"https:\/\/mygosas.com\/wp-content\/uploads\/2024\/03\/Travertino-turco-160-x-260-1-1024x591.png 1024w, https:\/\/mygosas.com\/wp-content\/uploads\/2024\/03\/Travertino-turco-160-x-260-1-300x173.png 300w, https:\/\/mygosas.com\/wp-content\/uploads\/2024\/03\/Travertino-turco-160-x-260-1-768x443.png 768w, https:\/\/mygosas.com\/wp-content\/uploads\/2024\/03\/Travertino-turco-160-x-260-1.png 1237w\" sizes=\"(max-width: 1024px) 100vw, 1024px\" \/><\/figure>\n<\/details>\n","protected":false},"excerpt":{"rendered":"<p>M\u00e1rmoles y Granitos del Oriente S.A.S Estamos dedicados a la importaci\u00f3n, venta y distribuci\u00f3n de M\u00e1rmol, Granito, Quartzstone, Travertino, Sinterizado entre otras piedras Naturales. Llevamos en el mercado m\u00e1s de 10 a\u00f1os y contamos con 2 puntos de Venta a nivel Nacional, una bodega ubicada en Cartagena donde recibimos y distribuimos nuestros productos a Medell\u00edn [&hellip;]<\/p>\n","protected":false},"author":1,"featured_media":46,"parent":0,"menu_order":0,"comment_status":"closed","ping_status":"closed","template":"","meta":{"footnotes":""},"_links":{"self":[{"href":"https:\/\/mygosas.com\/index.php\/wp-json\/wp\/v2\/pages\/25"}],"collection":[{"href":"https:\/\/mygosas.com\/index.php\/wp-json\/wp\/v2\/pages"}],"about":[{"href":"https:\/\/mygosas.com\/index.php\/wp-json\/wp\/v2\/types\/page"}],"author":[{"embeddable":true,"href":"https:\/\/mygosas.com\/index.php\/wp-json\/wp\/v2\/users\/1"}],"replies":[{"embeddable":true,"href":"https:\/\/mygosas.com\/index.php\/wp-json\/wp\/v2\/comments?post=25"}],"version-history":[{"count":28,"href":"https:\/\/mygosas.com\/index.php\/wp-json\/wp\/v2\/pages\/25\/revisions"}],"predecessor-version":[{"id":434,"href":"https:\/\/mygosas.com\/index.php\/wp-json\/wp\/v2\/pages\/25\/revisions\/434"}],"wp:featuredmedia":[{"embeddable":true,"href":"https:\/\/mygosas.com\/index.php\/wp-json\/wp\/v2\/media\/46"}],"wp:attachment":[{"href":"https:\/\/mygosas.com\/index.php\/wp-json\/wp\/v2\/media?parent=25"}],"curies":[{"name":"wp","href":"https:\/\/api.w.org\/{rel}","templated":true}]}}